{"id":128,"date":"2024-08-27T15:44:39","date_gmt":"2024-08-27T13:44:39","guid":{"rendered":"https:\/\/meinewebsite23.wordpress.com\/?page_id=128"},"modified":"2025-10-30T14:59:14","modified_gmt":"2025-10-30T13:59:14","slug":"unsere-leistungen","status":"publish","type":"page","link":"https:\/\/selberladen.at\/?page_id=128","title":{"rendered":"Unsere Leistungen"},"content":{"rendered":"\n<div class=\"wp-block-group alignwide is-content-justification-left is-nowrap is-layout-flex wp-container-core-group-is-layout-714250b0 wp-block-group-is-layout-flex\" style=\"padding-right:3rem;padding-left:3rem\">\n<h2 class=\"wp-block-heading has-text-color has-link-color has-x-large-font-size wp-elements-ef3c4c8abb21e26b5344b23f6caf6ee6\" style=\"color:#3983b9\">Unsere Leistungen<\/h2>\n<\/div>\n\n\n\n<div class=\"wp-block-group alignwide is-vertical is-layout-flex wp-container-core-group-is-layout-a5bb349d wp-block-group-is-layout-flex\" style=\"padding-right:3em;padding-left:3em\">\n<p style=\"font-size:clamp(18.959px, 1.185rem + ((1vw - 3.2px) * 0.986), 30px);\"><strong><em>Unsere Mission: Eine nachhaltige und zukunftssichere Welt<\/em><\/strong><\/p>\n\n\n\n<p>Die Selberladen GmbH wurde von einem Trio aus vision\u00e4ren Denkern und erfahrenen Fachleuten gegr\u00fcndet, um innovative und nachhaltige Energiel\u00f6sungen zu bieten, die sowohl \u00f6kologisch als auch \u00f6konomisch vorteilhaft sind. Wir verstehen uns als Pioniere in der Transformation hin zu einer gr\u00fcneren Zukunft durch den Einsatz von modernsten Technologien.<\/p>\n\n\n\n<p><\/p>\n\n\n\n<p class=\"has-medium-font-size\"><strong>Unsere Expertise:<\/strong><\/p>\n\n\n\n<ul class=\"wp-block-list\">\n<li><strong>Photovoltaik:<\/strong>&nbsp;Wir spezialisieren uns auf die Planung, Installation und Wartung von Photovoltaikanlagen, die nicht nur saubere Energie erzeugen, sondern auch signifikant zur Reduzierung der Energiekosten beitragen.<\/li>\n\n\n\n<li><strong>Stromspeicher:<\/strong>&nbsp;Unsere ma\u00dfgeschneiderten Speicherl\u00f6sungen verbessern die Energieeffizienz und Unabh\u00e4ngigkeit unserer Kunden.<\/li>\n\n\n\n<li><strong>Elektromobilit\u00e4t:<\/strong>&nbsp;Wir unterst\u00fctzen die Mobilit\u00e4tswende mit umfassenden L\u00f6sungen f\u00fcr Elektrofahrzeuge, von der Beratung bis hin zur Installation von Ladeinfrastrukturen.<\/li>\n<\/ul>\n\n\n\n<p><\/p>\n\n\n\n<p><strong>Innovation f\u00fcr die Zukunft:<\/strong>&nbsp;Im Streben nach fortw\u00e4hrender Innovation und Verbesserung erkunden wir kontinuierlich neue Technologien und Erweiterungsm\u00f6glichkeiten. Die Integration von Windkraft steht als n\u00e4chster gro\u00dfer Schritt auf unserem Plan, um unser Portfolio an erneuerbaren Energiequellen weiter zu diversifizieren und unsere F\u00e4higkeiten im Bereich der erneuerbaren Energien auszubauen.<\/p>\n\n\n\n<p><\/p>\n\n\n\n<p><strong>Unser Anspruch:<\/strong>&nbsp;Wir bei Selberladen GmbH sind \u00fcberzeugt, dass der Schl\u00fcssel zu einer nachhaltigeren Zukunft in der intelligenten Nutzung moderner Technologien liegt. Unser Ziel ist es, eine Welt zu schaffen, in der nachhaltige Energiequellen die Norm und nicht die Ausnahme sind.<\/p>\n\n\n\n<p><\/p>\n\n\n\n<p class=\"has-theme-5-color has-text-color has-link-color wp-elements-c62db9990875c064bcb7a5b1c2ef2737 wp-container-content-9cfa9a5a\" style=\"margin-top:0;margin-right:0;margin-bottom:0;margin-left:0;padding-right:0;padding-left:0\">Wir laden Sie ein, mit uns auf dieser spannenden Reise in eine umweltfreundliche Zukunft zu gehen.&nbsp;<strong><a href=\"https:\/\/selberladen.at\/?page_id=134\" data-type=\"link\" data-id=\"https:\/\/selberladen.at\/?page_id=134\">Kontaktieren Sie uns<\/a><\/strong>, um mehr \u00fcber unsere Dienstleistungen zu erfahren und wie wir Ihnen helfen k\u00f6nnen, Ihre Energiezukunft zu gestalten<\/p>\n<\/div>\n\n\n\n<div style=\"height:110px\" aria-hidden=\"true\" class=\"wp-block-spacer\"><\/div>\n","protected":false},"excerpt":{"rendered":"<p>Unsere Leistungen Unsere Mission: Eine nachhaltige und zukunftssichere Welt Die Selberladen GmbH wurde von einem Trio aus vision\u00e4ren Denkern und erfahrenen Fachleuten gegr\u00fcndet, um innovative und nachhaltige Energiel\u00f6sungen zu bieten, die sowohl \u00f6kologisch als auch \u00f6konomisch vorteilhaft sind. Wir verstehen uns als Pioniere in der Transformation hin zu einer gr\u00fcneren Zukunft durch den Einsatz von [&hellip;]<\/p>\n","protected":false},"author":2,"featured_media":0,"parent":0,"menu_order":0,"comment_status":"closed","ping_status":"closed","template":"","meta":{"footnotes":""},"class_list":["post-128","page","type-page","status-publish","hentry"],"jetpack_sharing_enabled":true,"_links":{"self":[{"href":"https:\/\/selberladen.at\/index.php?rest_route=\/wp\/v2\/pages\/128","targetHints":{"allow":["GET"]}}],"collection":[{"href":"https:\/\/selberladen.at\/index.php?rest_route=\/wp\/v2\/pages"}],"about":[{"href":"https:\/\/selberladen.at\/index.php?rest_route=\/wp\/v2\/types\/page"}],"author":[{"embeddable":true,"href":"https:\/\/selberladen.at\/index.php?rest_route=\/wp\/v2\/users\/2"}],"replies":[{"embeddable":true,"href":"https:\/\/selberladen.at\/index.php?rest_route=%2Fwp%2Fv2%2Fcomments&post=128"}],"version-history":[{"count":13,"href":"https:\/\/selberladen.at\/index.php?rest_route=\/wp\/v2\/pages\/128\/revisions"}],"predecessor-version":[{"id":936,"href":"https:\/\/selberladen.at\/index.php?rest_route=\/wp\/v2\/pages\/128\/revisions\/936"}],"wp:attachment":[{"href":"https:\/\/selberladen.at\/index.php?rest_route=%2Fwp%2Fv2%2Fmedia&parent=128"}],"curies":[{"name":"wp","href":"https:\/\/api.w.org\/{rel}","templated":true}]}}