{"id":90,"date":"2021-01-02T18:45:19","date_gmt":"2021-01-02T17:45:19","guid":{"rendered":"http:\/\/selberladen.at\/?page_id=90"},"modified":"2025-10-30T14:42:46","modified_gmt":"2025-10-30T13:42:46","slug":"impressum","status":"publish","type":"page","link":"https:\/\/selberladen.at\/?page_id=90","title":{"rendered":"Impressum"},"content":{"rendered":"\n<div class=\"wp-block-group alignfull has-global-padding is-content-justification-left is-layout-constrained wp-container-core-group-is-layout-71fc5ffd wp-block-group-is-layout-constrained\" style=\"padding-right:5em;padding-left:5em\">\n<h2 class=\"wp-block-heading has-text-color has-link-color has-large-font-size wp-elements-96688405c3558800ffb1ceacc5f5de8e\" style=\"color:#3983b9\">Impressum<\/h2>\n\n\n\n<div style=\"height:20px\" aria-hidden=\"true\" class=\"wp-block-spacer\"><\/div>\n\n\n\n<h2 class=\"wp-block-heading has-medium-font-size\">Informationspflicht lt. \u00a7 5 Abs. 1 E-Commerce-Gesetz<\/h2>\n\n\n\n<p class=\"has-text-color has-link-color wp-elements-850127826d74b16aed182f0521b1eaf2\" style=\"color:#1f1f1fe6\">Selberladen GmbH<br>Steinfeldstra\u00dfe 216<br>2731 Neusiedl am Steinfeld&nbsp;<br>Tel: +43 6641454138<br>Homepage: www.selberladen.at<br>E-Mail: office@selberladen.at<\/p>\n\n\n\n<div style=\"height:5px\" aria-hidden=\"true\" class=\"wp-block-spacer\"><\/div>\n\n\n\n<p class=\"has-text-color has-link-color wp-elements-5020938e5e21cdbdc6284e17a58827c8\" style=\"color:#1f1f1fe6\">Handelsrechtliche Gesch\u00e4ftsf\u00fchrer: Stefan Wagner, Richard Winkler<\/p>\n\n\n\n<div style=\"height:5px\" aria-hidden=\"true\" class=\"wp-block-spacer\"><\/div>\n\n\n\n<p class=\"has-text-color has-link-color wp-elements-e8f6c7d85721037f1720271cff12b04b\" style=\"color:#1f1f1fe6\"><mark style=\"background-color:rgba(0, 0, 0, 0)\" class=\"has-inline-color has-black-color\">Firmenbuch-Nr: FN 547589d<br>Firmenbuchgericht: Landesgericht Wiener Neustadt<br>Beh\u00f6rde gem. ECG: Bezirkshauptmannschaft Neunkirchen<br>UID: ATU 76324728 <\/mark><\/p>\n\n\n\n<div style=\"height:5px\" aria-hidden=\"true\" class=\"wp-block-spacer\"><\/div>\n\n\n\n<p><a href=\"http:\/\/selberladen.at\/wp-content\/uploads\/2023\/10\/AGB-Selberladen-GmbH.pdf\" target=\"_blank\" rel=\"noreferrer noopener\">Allgemeine Gesch\u00e4ftsbedingungen<\/a><br><a href=\"https:\/\/selberladen.at\/?page_id=3\" data-type=\"link\" data-id=\"https:\/\/selberladen.at\/?page_id=3\">Datenschutzerkl\u00e4rung<\/a><\/p>\n<\/div>\n\n\n\n<div style=\"height:30px\" aria-hidden=\"true\" class=\"wp-block-spacer\"><\/div>\n","protected":false},"excerpt":{"rendered":"<p>Impressum Informationspflicht lt. \u00a7 5 Abs. 1 E-Commerce-Gesetz Selberladen GmbHSteinfeldstra\u00dfe 2162731 Neusiedl am Steinfeld&nbsp;Tel: +43 6641454138Homepage: www.selberladen.atE-Mail: office@selberladen.at Handelsrechtliche Gesch\u00e4ftsf\u00fchrer: Stefan Wagner, Richard Winkler Firmenbuch-Nr: FN 547589dFirmenbuchgericht: Landesgericht Wiener NeustadtBeh\u00f6rde gem. ECG: Bezirkshauptmannschaft NeunkirchenUID: ATU 76324728 Allgemeine Gesch\u00e4ftsbedingungenDatenschutzerkl\u00e4rung<\/p>\n","protected":false},"author":1,"featured_media":0,"parent":0,"menu_order":0,"comment_status":"closed","ping_status":"closed","template":"","meta":{"footnotes":""},"class_list":["post-90","page","type-page","status-publish","hentry"],"jetpack_sharing_enabled":true,"_links":{"self":[{"href":"https:\/\/selberladen.at\/index.php?rest_route=\/wp\/v2\/pages\/90","targetHints":{"allow":["GET"]}}],"collection":[{"href":"https:\/\/selberladen.at\/index.php?rest_route=\/wp\/v2\/pages"}],"about":[{"href":"https:\/\/selberladen.at\/index.php?rest_route=\/wp\/v2\/types\/page"}],"author":[{"embeddable":true,"href":"https:\/\/selberladen.at\/index.php?rest_route=\/wp\/v2\/users\/1"}],"replies":[{"embeddable":true,"href":"https:\/\/selberladen.at\/index.php?rest_route=%2Fwp%2Fv2%2Fcomments&post=90"}],"version-history":[{"count":26,"href":"https:\/\/selberladen.at\/index.php?rest_route=\/wp\/v2\/pages\/90\/revisions"}],"predecessor-version":[{"id":924,"href":"https:\/\/selberladen.at\/index.php?rest_route=\/wp\/v2\/pages\/90\/revisions\/924"}],"wp:attachment":[{"href":"https:\/\/selberladen.at\/index.php?rest_route=%2Fwp%2Fv2%2Fmedia&parent=90"}],"curies":[{"name":"wp","href":"https:\/\/api.w.org\/{rel}","templated":true}]}}